{"id":423,"date":"2025-08-20T06:11:15","date_gmt":"2025-08-20T06:11:15","guid":{"rendered":"https:\/\/miysad.org\/?page_id=423"},"modified":"2025-08-20T08:22:08","modified_gmt":"2025-08-20T08:22:08","slug":"bizden-haberler","status":"publish","type":"page","link":"https:\/\/miysad.org\/?page_id=423","title":{"rendered":"Bizden Haberler"},"content":{"rendered":"\n<div class=\"wp-block-columns is-layout-flex wp-container-core-columns-is-layout-9d6595d7 wp-block-columns-is-layout-flex\">\n<div class=\"wp-block-column is-layout-flow wp-block-column-is-layout-flow\" style=\"flex-basis:33.33%\">\n<figure class=\"wp-block-gallery has-nested-images columns-default is-cropped wp-block-gallery-1 is-layout-flex wp-block-gallery-is-layout-flex\">\n<figure class=\"wp-block-image size-large\"><img loading=\"lazy\" decoding=\"async\" width=\"1024\" height=\"768\" data-id=\"430\" src=\"https:\/\/miysad.org\/wp-content\/uploads\/2025\/08\/WhatsApp-Image-2025-08-20-at-09.25.42-1-1024x768.jpeg\" alt=\"\" class=\"wp-image-430\" srcset=\"https:\/\/miysad.org\/wp-content\/uploads\/2025\/08\/WhatsApp-Image-2025-08-20-at-09.25.42-1-1024x768.jpeg 1024w, https:\/\/miysad.org\/wp-content\/uploads\/2025\/08\/WhatsApp-Image-2025-08-20-at-09.25.42-1-300x225.jpeg 300w, https:\/\/miysad.org\/wp-content\/uploads\/2025\/08\/WhatsApp-Image-2025-08-20-at-09.25.42-1-768x576.jpeg 768w, https:\/\/miysad.org\/wp-content\/uploads\/2025\/08\/WhatsApp-Image-2025-08-20-at-09.25.42-1-1536x1152.jpeg 1536w, https:\/\/miysad.org\/wp-content\/uploads\/2025\/08\/WhatsApp-Image-2025-08-20-at-09.25.42-1.jpeg 1600w\" sizes=\"auto, (max-width: 1024px) 100vw, 1024px\" \/><\/figure>\n<\/figure>\n<\/div>\n\n\n\n<div class=\"wp-block-column is-layout-flow wp-block-column-is-layout-flow\" style=\"flex-basis:66.66%\">\n<p>&#x1f4cd; <strong>Mersin M\u0130YSAD | 6. D\u00f6nem Ba\u015flad\u0131!<\/strong><br>Dr. Mustafa K\u00fc\u00e7\u00fckkaptan ba\u015fkanl\u0131\u011f\u0131nda ilk y\u00f6netim kurulu toplant\u0131m\u0131z\u0131 ger\u00e7ekle\u015ftirdik.<\/p>\n\n\n\n<p>Yeni d\u00f6neme y\u00fcksek enerji ve b\u00fcy\u00fck heyecanla ba\u015fl\u0131yoruz! &#x1f4aa;<br>M\u0130YSAD\u2019\u0131n gelece\u011fi i\u00e7in yeni projeler, yeni etkinlikler yolda! &#x1f680;<\/p>\n<\/div>\n<\/div>\n\n\n\n<div class=\"wp-block-columns is-layout-flex wp-container-core-columns-is-layout-9d6595d7 wp-block-columns-is-layout-flex\">\n<div class=\"wp-block-column is-layout-flow wp-block-column-is-layout-flow\" style=\"flex-basis:33.33%\">\n<figure class=\"wp-block-gallery has-nested-images columns-default is-cropped wp-block-gallery-2 is-layout-flex wp-block-gallery-is-layout-flex\">\n<figure class=\"wp-block-image size-large\"><img loading=\"lazy\" decoding=\"async\" width=\"1024\" height=\"683\" data-id=\"119\" src=\"https:\/\/miysad.org\/wp-content\/uploads\/2025\/08\/DSF5195-1024x683.jpg\" alt=\"\" class=\"wp-image-119\" srcset=\"https:\/\/miysad.org\/wp-content\/uploads\/2025\/08\/DSF5195-1024x683.jpg 1024w, https:\/\/miysad.org\/wp-content\/uploads\/2025\/08\/DSF5195-300x200.jpg 300w, https:\/\/miysad.org\/wp-content\/uploads\/2025\/08\/DSF5195-768x512.jpg 768w, https:\/\/miysad.org\/wp-content\/uploads\/2025\/08\/DSF5195-1536x1024.jpg 1536w, https:\/\/miysad.org\/wp-content\/uploads\/2025\/08\/DSF5195-2048x1365.jpg 2048w\" sizes=\"auto, (max-width: 1024px) 100vw, 1024px\" \/><\/figure>\n<\/figure>\n<\/div>\n\n\n\n<div class=\"wp-block-column is-layout-flow wp-block-column-is-layout-flow\" style=\"flex-basis:66.66%\">\n<p>&#x1f4cc; <strong>M\u0130YSAD 6. Ola\u011fan Genel Kurulu \u2013 24 May\u0131s 2025<\/strong><\/p>\n\n\n\n<p>Mersin \u0130\u015fadamlar\u0131, Y\u00f6neticileri, Sanat\u00e7\u0131lar\u0131 ve Akademisyenleri Derne\u011fi (M\u0130YSAD) 6. Ola\u011fan Genel Kurulu b\u00fcy\u00fck bir co\u015fku ve kat\u0131l\u0131mla ger\u00e7ekle\u015ftirildi.<\/p>\n\n\n\n<p>Yeni d\u00f6nemde, Mersin&#8217;e ve Mersinlilere y\u00f6nelik samimi, kat\u0131l\u0131mc\u0131 ve de\u011fer odakl\u0131 projelerin hayata ge\u00e7irilmesi konusunda \u00f6nemli kararlar al\u0131nd\u0131. Birlik ve dayan\u0131\u015fma ruhuyla, k\u00fclt\u00fcrden sanata, e\u011fitimden sosyal sorumlulu\u011fa uzanan geni\u015f bir yelpazede etkinlikler d\u00fczenlenmesi hedefleniyor.<\/p>\n\n\n\n<p>Yeni y\u00f6netim kurulumuzla birlikte Mersin\u2019e de\u011fer katacak \u00e7al\u0131\u015fmalara imza atmak i\u00e7in heyecanla yola \u00e7\u0131k\u0131yoruz.<\/p>\n<\/div>\n<\/div>\n","protected":false},"excerpt":{"rendered":"<p>&#x1f4cd; Mersin M\u0130YSAD | 6. D\u00f6nem Ba\u015flad\u0131!Dr. Mustafa K\u00fc\u00e7\u00fckkaptan ba\u015fkanl\u0131\u011f\u0131nda ilk y\u00f6netim kurulu toplant\u0131m\u0131z\u0131 ger\u00e7ekle\u015ftirdik. Yeni d\u00f6neme y\u00fcksek enerji ve b\u00fcy\u00fck heyecanla ba\u015fl\u0131yoruz! &#x1f4aa;M\u0130YSAD\u2019\u0131n gelece\u011fi i\u00e7in yeni projeler, yeni etkinlikler yolda! &#x1f680; &#x1f4cc; M\u0130YSAD 6. Ola\u011fan Genel Kurulu \u2013 24 May\u0131s 2025 Mersin \u0130\u015fadamlar\u0131, Y\u00f6neticileri, Sanat\u00e7\u0131lar\u0131 ve Akademisyenleri Derne\u011fi (M\u0130YSAD) 6. Ola\u011fan Genel Kurulu b\u00fcy\u00fck [&hellip;]<\/p>\n","protected":false},"author":1,"featured_media":0,"parent":0,"menu_order":0,"comment_status":"closed","ping_status":"closed","template":"","meta":{"footnotes":""},"class_list":["post-423","page","type-page","status-publish","hentry"],"_links":{"self":[{"href":"https:\/\/miysad.org\/index.php?rest_route=\/wp\/v2\/pages\/423","targetHints":{"allow":["GET"]}}],"collection":[{"href":"https:\/\/miysad.org\/index.php?rest_route=\/wp\/v2\/pages"}],"about":[{"href":"https:\/\/miysad.org\/index.php?rest_route=\/wp\/v2\/types\/page"}],"author":[{"embeddable":true,"href":"https:\/\/miysad.org\/index.php?rest_route=\/wp\/v2\/users\/1"}],"replies":[{"embeddable":true,"href":"https:\/\/miysad.org\/index.php?rest_route=%2Fwp%2Fv2%2Fcomments&post=423"}],"version-history":[{"count":8,"href":"https:\/\/miysad.org\/index.php?rest_route=\/wp\/v2\/pages\/423\/revisions"}],"predecessor-version":[{"id":457,"href":"https:\/\/miysad.org\/index.php?rest_route=\/wp\/v2\/pages\/423\/revisions\/457"}],"wp:attachment":[{"href":"https:\/\/miysad.org\/index.php?rest_route=%2Fwp%2Fv2%2Fmedia&parent=423"}],"curies":[{"name":"wp","href":"https:\/\/api.w.org\/{rel}","templated":true}]}}