{"id":37,"date":"2025-08-16T09:41:27","date_gmt":"2025-08-16T09:41:27","guid":{"rendered":"http:\/\/miysad.org\/?page_id=37"},"modified":"2025-08-17T19:50:03","modified_gmt":"2025-08-17T19:50:03","slug":"mersinin-degerleri","status":"publish","type":"page","link":"https:\/\/miysad.org\/?page_id=37","title":{"rendered":"Mersin&#8217;in De\u011ferleri"},"content":{"rendered":"<div id=\"metaslider-id-293\" style=\"width: 100%;\" class=\"ml-slider-3-100-1 metaslider metaslider-flex metaslider-293 ml-slider ms-theme-default-base has-dots-nav\" role=\"region\" aria-label=\"New Slideshow\" data-height=\"600\" data-width=\"800\">\n    <div id=\"metaslider_container_293\">\n        <div id=\"metaslider_293\">\n            <ul aria-live='off' class='slides'>\n                <li style=\"display: block; width: 100%;\" class=\"slide-294 ms-image \" aria-roledescription=\"slide\" data-date=\"2025-08-17 17:46:03\"><img loading=\"lazy\" decoding=\"async\" src=\"https:\/\/miysad.org\/wp-content\/uploads\/2025\/08\/DSF5195-1-scaled-800x600.jpg\" height=\"600\" width=\"800\" alt=\"\" class=\"slider-293 slide-294 msDefaultImage\" title=\"_DSF5195\" \/><div class=\"caption-wrap\"><div class=\"caption\"><h5>Mersin \u0130\u015fadamlar\u0131 Y\u00f6neticileri Sanat\u00e7\u0131lar\u0131 Ve<span>\u00a0 <\/span>Akademisyenleri Derne\u011fi<\/h5><\/div><\/div><\/li>\n                <li style=\"display: none; width: 100%;\" class=\"slide-295 ms-image \" aria-roledescription=\"slide\" data-date=\"2025-08-17 17:46:43\"><img loading=\"lazy\" decoding=\"async\" src=\"https:\/\/miysad.org\/wp-content\/uploads\/2025\/08\/DSF5118-scaled-800x600.jpg\" height=\"600\" width=\"800\" alt=\"\" class=\"slider-293 slide-295 msDefaultImage\" title=\"_DSF5118\" \/><div class=\"caption-wrap\"><div class=\"caption\"><h5 class=\"MsoNormal\">Mersin \u0130\u015fadamlar\u0131 Y\u00f6neticileri Sanat\u00e7\u0131lar\u0131 Ve<span>\u00a0 <\/span>Akademisyenleri Derne\u011fi<\/h5><\/div><\/div><\/li>\n                <li style=\"display: none; width: 100%;\" class=\"slide-297 ms-image \" aria-roledescription=\"slide\" data-date=\"2025-08-17 17:55:38\"><img loading=\"lazy\" decoding=\"async\" src=\"https:\/\/miysad.org\/wp-content\/uploads\/2025\/08\/DSF4377-scaled-800x600.jpg\" height=\"600\" width=\"800\" alt=\"\" class=\"slider-293 slide-297 msDefaultImage\" title=\"_DSF4377\" \/><div class=\"caption-wrap\"><div class=\"caption\"><h5>Mersin \u0130\u015fadamlar\u0131 Y\u00f6neticileri Sanat\u00e7\u0131lar\u0131 Ve<span>\u00a0 <\/span>Akademisyenleri Derne\u011fi<\/h5><\/div><\/div><\/li>\n            <\/ul>\n        <\/div>\n        \n    <\/div>\n<\/div>\n\n\n\n<p>DFSDFSDFSSSSSSDFSDFSDFSDFSDFSDFDSFSDFSDFSDFDDDFSDFSDFSSSSSSDFSDFSDFSDFSDFSDFDSFSDFSDFSDFDDDFSDFSDFSSSSSSDFSDFSDFSDFSDFSDFDSFSDFSDFSDFDDDFSDFSDFSSSSSSDFSDFSDFSDFSDFSDFDSFSDFSDFSDFDDDFSDFSDFSSSSSSDFSDFSDFSDFSDFSDFDSFSDFSDFSDFDDDFSDFSDFSSSSSSDFSDFSDFSDFSDFSDFDSFSDFSDFSDFDDDFSDFSDFSSSSSSDFSDFSDFSDFSDFSDFDSFSDFSDFSDFDDDFSDFSDFSSSSSSDFSDFSDFSDFSDFSDFDSFSDFSDFSDFDDDFSDFSDFSSSSSSDFSDFSDFSDFSDFSDFDSFSDFSDFSDFDDDFSDFSDFSSSSSSDFSDFSDFSDFSDFSDFDSFSDFSDFSDFDDDFSDFSDFSSSSSSDFSDFSDFSDFSDFSDFDSFSDFSDFSDFDD<\/p>\n\n\n\n<div class=\"wp-block-columns is-layout-flex wp-container-core-columns-is-layout-9d6595d7 wp-block-columns-is-layout-flex\">\n<div class=\"wp-block-column is-layout-flow wp-block-column-is-layout-flow\" style=\"flex-basis:66.66%\">\n<p><strong>Akdeniz \u0130l\u00e7esi<\/strong><\/p>\n\n\n\n<p>\u0130l\u00e7emizin y\u00fcz\u00f6l\u00e7\u00fcm\u00fcn\u00fcn 30 bin hektar olup \u00f6nemli bir k\u0131sm\u0131 d\u00fcz arazi \u00fczerine kurulmu\u015ftur. \u0130l\u00e7emize ba\u011fl\u0131 k\u00f6ylerimizde yer yer engebeli arazi yap\u0131s\u0131 mevcuttur. \u0130l\u00e7emiz do\u011fuda Tarsus il\u00e7esi, bat\u0131da Yeni\u015fehir il\u00e7esi, Kuzeyde Toroslar il\u00e7esi, g\u00fcneyde Akdeniz ile \u00e7evrilidir.<\/p>\n\n\n\n<p>\u0130l\u00e7emizin n\u00fcfusu resmi kay\u0131tlara g\u00f6re 260.879\u2019tur. Ancak; kent merkezi konumunda olmas\u0131 sebebiyle g\u00fcnd\u00fcz n\u00fcfusu 600.000\u2019i ge\u00e7mektedir.<\/p>\n\n\n\n<p><strong>Atat\u00fcrk Evi ve M\u00fczesi<\/strong><\/p>\n\n\n\n<p>Ulu \u00d6nderimiz Atat\u00fcrk , e\u015fi Latife Han\u0131mla birlikte 20 Ocak- 2 \u015eubat 1925 tarihleri aras\u0131nda Mersin\u2019i ziyaretlerinde, bug\u00fcn m\u00fcze haline getirilen bu evde 11 g\u00fcn boyunca Mersinlilerin konu\u011fu olmu\u015flar, i\u00e7ten bir sevgi ve co\u015fku ile a\u011f\u0131rlanm\u0131\u015flard\u0131r.<\/p>\n\n\n\n<p>Atat\u00fcrk Caddesi \u00fczerinde, kentin odak noktas\u0131nda yer alan yap\u0131 1897\u2019de d\u00f6nemin Almanya konsolosu Bay Chrytman\u2019\u0131n (Kristman), Mersinli t\u00fcccar Mavromati\u2019nin k\u0131z\u0131yla evlili\u011fi nedeni ile konut olarak yapt\u0131r\u0131lm\u0131\u015ft\u0131r. Mimar\u0131 bilinmeyen yap\u0131 Kristman Kona\u011f\u0131 olarak bilinmektedir.<\/p>\n\n\n\n<p>Tahinci Ailesinin m\u00fclkiyetinde kalan ev 1972\u2019de Nebil Hayfavi taraf\u0131ndan al\u0131nm\u0131\u015f ve 1976 y\u0131l\u0131na kadar Toros Koleji olarak hizmet vermi\u015ftir. 1976\u2019dan sonra bo\u015f tutulan bu yap\u0131n\u0131n ad\u0131, ayn\u0131 y\u0131l belediye enc\u00fcmeninin ald\u0131\u011f\u0131 bir kararla \u2018Atat\u00fcrk Evi \u2018 olmu\u015ftur.<\/p>\n\n\n\n<p>1980\u2019de kamula\u015ft\u0131r\u0131larak 1982 y\u0131l\u0131nda K\u00fclt\u00fcr Bakanl\u0131\u011f\u0131n\u0131n m\u00fclkiyetine ge\u00e7mi\u015ftir. 12 Ekim 1992 tarihinde \u2018Atat\u00fcrk Evi ve M\u00fczesi\u2019 olarak resmi a\u00e7\u0131l\u0131\u015f\u0131 yap\u0131lm\u0131\u015ft\u0131r.<\/p>\n\n\n\n<p>Mersin Atat\u00fcrk Evi ve M\u00fczesi d\u0131\u015ftan d\u00fczg\u00fcn kesme ta\u015f dokusu ile hemen dikkati \u00e7eken iki katl\u0131 k\u00fcbik etkili bir yap\u0131d\u0131r. Mimari elemanlar\u0131n yerle\u015ftirili\u015fi, s\u00fcsleme \u00f6\u011feleri, korni\u015f ve silmeleri ile neo klasik anlay\u0131\u015f\u0131n \u00f6zelliklerini ta\u015f\u0131maktad\u0131r. Sivil mimarinin sadelik yan\u0131nda g\u00f6rkemli etkisi ile anlam kazanan en iyi \u00f6rneklerinden birisidir. Bah\u00e7esinde var oldu\u011fu bilinen hamam g\u00fcn\u00fcm\u00fczde yok olmu\u015ftur.<\/p>\n\n\n\n<p>M\u00fczenin alt kat\u0131 \u2018 Foto\u011fraflarla ve Belgelerle Atat\u00fcrk M\u00fczesi\u2019 olarak haz\u0131rlanm\u0131\u015ft\u0131r. Burada Atam\u0131z\u0131n Mersin\u2019i ziyaretlerinde \u00e7ekilen foto\u011fraflar\u0131, An\u0131t Kabir M\u00fczesi\u2019nden getirilen 22 adet ki\u015fisel e\u015fyas\u0131 sergilenmektedir. Baz\u0131 e\u015fyalar Tarsus\u2019lu Mehmet ve Belk\u0131z Ak\u00e7ora ailesi ile Taki Aleksio\u011flu \u2018nun ba\u011f\u0131\u015f\u0131d\u0131r. Atam\u0131z\u0131n kahve i\u00e7ti\u011fi fincan ise Erdal Akal\u0131n taraf\u0131ndan arma\u011fan edilmi\u015ftir.<\/p>\n\n\n\n<p>Etno\u011frafik de\u011ferlerin sergilendi\u011fi \u00fcst katta, salona a\u00e7\u0131lan 7 odan\u0131n ikisi yatak odas\u0131, birisi \u00e7al\u0131\u015fma odas\u0131, d\u00f6rd\u00fc ise oturma odalar\u0131 olarak de\u011ferlendirilmi\u015ftir.<\/p>\n\n\n\n<p>Giri\u015fte \u00e7e\u015fitli foto\u011fraflar\u0131n sergilendi\u011fi Kuvay-i Milliye k\u00f6\u015fesi olu\u015fturulmu\u015ftur.<\/p>\n\n\n\n<p>Pazar-Pazartesi ve dini bayramlar\u0131n birinci g\u00fcn\u00fc \u00f6\u011flene kadar kapal\u0131d\u0131r. Di\u011fer g\u00fcnlerde mesai saatleri i\u00e7erisinde ziyarete a\u00e7\u0131kt\u0131r.<\/p>\n\n\n\n<p><strong>T\u0131rm\u0131l H\u00f6y\u00fck \u2013 (Tumil Kalesi )<\/strong><\/p>\n\n\n\n<p>Akdeniz \u0130l\u00e7esinin 3 km. kuzeydo\u011fusunda Yeni Hal kompleksi yak\u0131n\u0131ndad\u0131r.<\/p>\n\n\n\n<p>\u00c7anak \u00e7\u00f6mlek par\u00e7alar\u0131n\u0131n y\u00fczeyde rahat\u00e7a g\u00f6r\u00fclebildi\u011fi T\u0131rm\u0131l Tepe\u2019nin \u00fczerinde k\u00fc\u00e7\u00fck bir garnizon kalesi bulunmaktad\u0131r. Kuzeydo\u011fudaki Yaka Kalesi ( foto:16 , bug\u00fcn kal\u0131nt\u0131lar\u0131ndan \u00e7ok az\u0131 kalm\u0131\u015ft\u0131r)ile bak\u0131\u015f\u0131ml\u0131d\u0131r. Kuzeydo\u011fu k\u00f6\u015fedeki yuvarlak kule, kale burcundaki mazgall\u0131 siperlere kadar y\u00fckselmektedir. Kuzeybat\u0131daki kule ise 2 m. y\u00fcksekli\u011fe kadar korunmu\u015ftur. Di\u011fer kulelerde oldu\u011fu gibi yuvarlak y\u00fcz\u00fc kuzeye do\u011fru d\u0131\u015fa \u00e7\u0131kmam\u0131\u015ft\u0131r ama do\u011fuya d\u00f6nd\u00fcr\u00fclm\u00fc\u015ft\u00fcr. \u0130ki kuleyi birle\u015ftiren duvar \u00e7\u00f6km\u00fc\u015ft\u00fcr. Kalenin merkezinde baz\u0131 y\u0131k\u0131nt\u0131lar ve s\u0131\u011f \u00e7ukurlar bulunmaktad\u0131r. Orta \u00c7a\u011fa ait metinlerde bu kale ile ilgili her hangi bir bilgiye rastlanmam\u0131\u015ft\u0131r.<\/p>\n\n\n\n<p>Kuzeydo\u011fudaki kule ve d\u0131\u015f y\u00fczey ta\u015flar\u0131 iyi korunmu\u015ftur. \u0130\u00e7 y\u00fczeydeki s\u0131valar g\u00f6r\u00fclebilmektedir. D\u0131\u015f y\u00fczeyin ta\u015f i\u015f\u00e7ili\u011fi Yaka, K\u00fct\u00fckl\u00fc (Tarsus\u2019un kuzey do\u011fusunda, Adana s\u0131n\u0131r\u0131na yak\u0131n) ve Tece Kaleleri ile benzerlik g\u00f6stermektedir. Kuledeki be\u015fik tonoz bug\u00fcn \u00e7\u00f6km\u00fc\u015ft\u00fcr. Duvarc\u0131 i\u015f\u00e7ili\u011fi Silifke Kalesi\u2019nin i\u015f\u00e7ili\u011fini an\u0131msatmaktad\u0131r. Kuzeybat\u0131 kulenin d\u0131\u015f y\u00fcz ta\u015flar\u0131 kaybolmu\u015ftur, ancak kuzeydo\u011fu kuleninki ile ayn\u0131d\u0131r. Bu kaledeki \u00e7ember oda, \u00e7\u00f6ken duvar\u0131n par\u00e7alar\u0131yla doldurulmu\u015ftur.<\/p>\n\n\n\n<p><strong>Anch\u0131ale (Karaduvar) \u00d6renyeri<\/strong><\/p>\n\n\n\n<p>Mersin\u2019in hemen do\u011fusundaki bu antik yerle\u015fim i\u00e7in Strabon, Aristobulos\u2019u kaynak g\u00f6sterek, Asur Kral\u0131 Sardanapal\u2019\u0131n Tarsus ile birlikte Anchiale\u2019yi bir g\u00fcn i\u00e7inde in\u015fa etti\u011fini yazmaktad\u0131r. Sardanapal\u2019\u0131n mezar\u0131n\u0131n burada oldu\u011funu ve sa\u011f elinin parmaklar\u0131n\u0131 \u015faklat\u0131r durumda bir ta\u015f heykelinin bulundu\u011funu ve Asur dilinde yaz\u0131lm\u0131\u015f bir kitabede \u201c Anakyndarakses o\u011flu Sardanapal, Anchiale\u2019yi ve Tarsos\u2019u bir g\u00fcnde kurdu. Ye ,i\u00e7, ne\u015felen, \u00e7\u00fcnk\u00fc di\u011fer \u015feyler bunlar kadar de\u011ferli de\u011fildir\u201d \u015feklindeki metnin, parmaklar\u0131n anlam\u0131n\u0131 a\u00e7\u0131klad\u0131\u011f\u0131n\u0131 s\u00f6yler. Khoirilos da bu yaz\u0131ttan s\u00f6z eder:\u201d B\u00fct\u00fcn yediklerim, ba\u015f\u0131 bo\u015f d\u00fc\u015fk\u00fcnl\u00fcklerim ve a\u015fktan ald\u0131\u011f\u0131m zevkler hepsi benimdir; fakat bu say\u0131s\u0131z nimetler geride kald\u0131\u201d.<\/p>\n\n\n\n<p>\u0130.\u00d6. 333\u2019te B\u00fcy\u00fck \u0130skender, Pers Kral\u0131 Darius III ile yapt\u0131\u011f\u0131 Issos Sava\u015f\u0131\u2019na giderken bu k\u0131y\u0131 kenti alm\u0131\u015ft\u0131r. Su kemerleri, yap\u0131 kal\u0131nt\u0131lar\u0131 , h\u00f6y\u00fck, Romal\u0131lar\u2019dan kalma mozaikli bir hamam kal\u0131nt\u0131s\u0131 bulunmaktad\u0131r. Camili K\u00f6y\u00fc yak\u0131n\u0131ndaki \u0130\u00e7me\u2019nin k\u00fck\u00fcrtl\u00fc suyunun bu hamama ak\u0131t\u0131larak kullan\u0131ld\u0131\u011f\u0131ndan bahsedilmektedir.<\/p>\n\n\n\n<p><strong>Dikilita\u015f<\/strong><\/p>\n\n\n\n<p>Mersin\u2019in 12 km kuzeydo\u011fusunda Dikilita\u015f ( eski Bekirde) Mahallesinin g\u00fcneyinde, y\u00fcksekli\u011fi 15 m,geni\u015fli\u011fi 4 m, kal\u0131nl\u0131\u011f\u0131 2 m. olan bir dikilita\u015f bulunmaktad\u0131r. Bu ta\u015f konglomeradand\u0131r. Pompeiopolis\u2019den Tarsus\u2019a giden eski Roma yolu \u00fczeride olup \u0130.\u00d6. 7. yy.da Yunanl\u0131lar\u0131 yenen Asur Kral\u0131 Sanherip\u2019in zafer an\u0131t\u0131 oldu\u011fu san\u0131lmaktad\u0131r.<\/p>\n\n\n\n<p>Dikilita\u015f\u2019\u0131n bir de s\u00f6ylencesi vard\u0131r:<\/p>\n\n\n\n<p>Tarsus\u2019ta ve Silifke\u2019de iki kavim vard\u0131r. Bu kavimler, aralar\u0131nda s\u00fcren kan davas\u0131n\u0131 kald\u0131rmak i\u00e7in karar al\u0131rlar. Kendi aram\u0131zda k\u0131z al\u0131p, k\u0131z verelim derler. Tarsus\u2019lu birinin k\u0131z\u0131n\u0131 Silifke\u2019den bir ailenin o\u011fluna verirler. Tarsus\u2019lu aile bir bayram g\u00fcn\u00fc o\u011fullar\u0131na \u201cSilifkeye git ni\u015fanl\u0131na bir hediye g\u00f6t\u00fcr ve \u00fc\u00e7 g\u00fcn kal sonra gel\u201d derler. Gen\u00e7 hediyesini al\u0131r gider. Ama on be\u015f g\u00fcn olur gelmez. Asl\u0131nda delikanl\u0131n\u0131n vadesi yetip d\u00fcn\u00fcr evinde \u00f6lm\u00fc\u015ft\u00fcr. Olaydan sonra k\u0131z babas\u0131 korkar ve kan davas\u0131 yeniden g\u00fcndeme gelir diye \u00e7ekinir. Fakat olay s\u00fcrgit saklanamaz ki. Sonu\u00e7 olarak k\u0131z\u0131n babas\u0131 nas\u0131l olsa bu duyulacak diye kendisi olay\u0131 s\u00f6ylemek \u00fczere yola \u00e7\u0131kar ve Dikilita\u015f\u2019\u0131n oldu\u011fu yerde kar\u015f\u0131la\u015f\u0131rlar. K\u0131z\u0131n babas\u0131 ger\u00e7e\u011fi anlat\u0131r. Delikanl\u0131n\u0131n babas\u0131 olaya inan\u0131r ve \u201c 16 ya\u015f\u0131nda bir o\u011flum vard\u0131 ham t\u0131ra\u015f, bileydim bu d\u00fcnyada \u00f6l\u00fcm var, koymazd\u0131m ta\u015f \u00fcst\u00fcnde ta\u015f \u201c der. Orada bulunan ta\u015f\u0131 h\u0131zla kald\u0131r\u0131r. O ta\u015f \u00f6ylece kal\u0131r.<\/p>\n\n\n\n<p><strong>An\u0131tsal Yap\u0131lar<\/strong><\/p>\n\n\n\n<p>Mersin kent i\u00e7indeki an\u0131tsal yap\u0131lar\u0131n hemen tamam\u0131 19. yy. eseri. Kentin eski mahallerindeki bu eserlerin de \u00e7o\u011fu T\u00fcrk-\u0130slam eserleri.<\/p>\n\n\n\n<p><strong>Bezm-i Alem Valide Sultan \u00c7e\u015fmesi<\/strong><\/p>\n\n\n\n<p>Osmanl\u0131 d\u00f6neminde Mersin\u2019in yeniden kent olmas\u0131nda \u00f6nemli rol oynayan Bezm-i Alem Valide Sultan\u2019\u0131n ad\u0131na yap\u0131lan \u00c7e\u015fme kentin en eski \u0130slami yap\u0131s\u0131. Eski Cami\u2019nin k\u00f6\u015fesindeki \u00e7e\u015fmenin kitabesinde Sultan Abd\u00fclaziz taraf\u0131ndan Sultan Abd\u00fclmecit\u2019in annesi ad\u0131na 1861 y\u0131l\u0131nda yap\u0131ld\u0131\u011f\u0131 belirtiliyor. \u00dc\u00e7gen al\u0131nl\u0131\u011f\u0131 ve payeleri ile y\u00f6reye \u00f6zg\u00fc mimari \u00f6zellikler g\u00f6steriyor.<\/p>\n\n\n\n<p><strong>Eski Cami<\/strong><\/p>\n\n\n\n<p>Bezm-i Alem Validen Sultan ad\u0131na 1870 y\u0131l\u0131nda yap\u0131lm\u0131\u015f. Dikd\u00f6rtgen planl\u0131; ah\u015fap be\u015fik \u00e7at\u0131l\u0131, tek minareli cami 1901 y\u0131l\u0131nda onar\u0131m g\u00f6rm\u00fc\u015f. 2008 y\u0131l\u0131nda yeniden restore edilmi\u015ftir.<\/p>\n\n\n\n<p><strong>M\u00fcft\u00fc Camisi<\/strong><\/p>\n\n\n\n<p>M\u00fcft\u00fc Deresi ve k\u00f6pr\u00fcs\u00fcn\u00fcn yan\u0131nda 1884\u2019de cami ve medrese olarak M\u00fcft\u00fc Emin Efendi taraf\u0131ndan yapt\u0131r\u0131lm\u0131\u015f. Barok tarz\u0131 s\u00fcslemeli ve mihrab\u0131 tu\u011fral\u0131d\u0131r.<\/p>\n\n\n\n<p><strong>Avniye Camisi<\/strong><\/p>\n\n\n\n<p>Minaresinin ah\u015fap olmas\u0131ndan dolay\u0131 Tahtal\u0131 Cami olarak bilinirdi. 1898\u2019de yap\u0131lm\u0131\u015f. Kent gezisi s\u0131ras\u0131nda hemen g\u00f6ze \u00e7arpan iki cami daha var. Bunlar tarihi de\u011fil, yak\u0131n zamanlar\u0131n yap\u0131s\u0131:<\/p>\n\n\n\n<p><strong>Ulu Cami<\/strong><\/p>\n\n\n\n<p>Yeni bir cami. Caminin bulundu\u011fu yer eskiden G\u00fcmr\u00fck Meydan\u0131 idi, \u015fimdi Ulu \u00c7ar\u015f\u0131 olarak biliniyor. \u015eimdiki caminin yerinde 1898\u2019de yap\u0131lan Yeni Cami vard\u0131, bu cami y\u0131k\u0131l\u0131p yerine yap\u0131ld\u0131. K\u00fctahya \u00e7inileri ile s\u00fcslenen camide 2000 ki\u015fi birlikte namaz k\u0131labiliyor.<\/p>\n\n\n\n<p><strong>Latin Katolik Kilisesi<\/strong><\/p>\n\n\n\n<p>Sultan Abdulmecit taraf\u0131ndan 1853 y\u0131l\u0131nda verilen bir fermana dayan\u0131larak kilise mekan\u0131n\u0131n in\u015faat\u0131na ba\u015flanm\u0131\u015f ve y\u00f6netimi Capucins Rahiplerine verilmi\u015ftir.G\u00fcn\u00fcm\u00fczde uray caddesi \u00fczerinde bulunan saat kuleli kilise kompleksi, di\u011fer birimleri ile 1898 y\u0131l\u0131nda bitirilmi\u015ftir. Kesme kire\u00e7 ta\u015f\u0131ndan avlulu an\u0131tsal bir yap\u0131 olan Latin Katolik Kilisesi, Mersin ve y\u00f6resindeki Katolik cemaat i\u00e7in ibadete a\u00e7\u0131kt\u0131r.<\/p>\n\n\n\n<p><strong>Arap Ortodoks Kilisesi<\/strong><\/p>\n\n\n\n<p>Atat\u00fcrk Caddesi \u00fczerinde, Cumhuriyet Medan\u0131nda bulunan ve ayakta kalan en eski kilise, 1878\u2019de yap\u0131lm\u0131\u015f ve ibadete a\u00e7\u0131k.<\/p>\n\n\n\n<p><strong>Hamamlar<\/strong><\/p>\n\n\n\n<p>Hamamlar liman kentlerinin vazge\u00e7ilmez yap\u0131lar\u0131ndand\u0131r. Bu eski \u00e7a\u011flardan bu yana s\u00fcren bir ihtiyac\u0131n \u00fcr\u00fcn\u00fcyd\u00fc. Kiremithane Mahallesi\u2019ndeki Hadra Hamam\u0131 (1903), Hastane Caddesi yak\u0131n\u0131ndaki K\u00fc\u00e7\u00fck Hamam ile merkezdeki \u00e7ar\u015f\u0131 i\u00e7inde bulunan B\u00fcy\u00fck Hamam da Mersin 19. yy.da bir liman kenti olarak h\u0131zla geli\u015firken yap\u0131ld\u0131lar. Bu eski hamamlar\u0131n hi\u00e7biri faal de\u011fil.<\/p>\n\n\n\n<p><em><strong>Kaynak: Mersin \u0130l K\u00fclt\u00fcr ve Turizm M\u00fcd\u00fcrl\u00fc\u011f\u00fc<\/strong><\/em><\/p>\n<\/div>\n\n\n\n<div class=\"wp-block-column is-layout-flow wp-block-column-is-layout-flow\" style=\"flex-basis:33.33%\"><div class=\"wp-block-calendar\"><table id=\"wp-calendar\" class=\"wp-calendar-table\">\n\t<caption>Nisan 2026<\/caption>\n\t<thead>\n\t<tr>\n\t\t<th scope=\"col\" aria-label=\"Pazartesi\">P<\/th>\n\t\t<th scope=\"col\" aria-label=\"Sal\u0131\">S<\/th>\n\t\t<th scope=\"col\" aria-label=\"\u00c7ar\u015famba\">\u00c7<\/th>\n\t\t<th scope=\"col\" aria-label=\"Per\u015fembe\">P<\/th>\n\t\t<th scope=\"col\" aria-label=\"Cuma\">C<\/th>\n\t\t<th scope=\"col\" aria-label=\"Cumartesi\">C<\/th>\n\t\t<th scope=\"col\" aria-label=\"Pazar\">P<\/th>\n\t<\/tr>\n\t<\/thead>\n\t<tbody>\n\t<tr>\n\t\t<td colspan=\"2\" class=\"pad\">&nbsp;<\/td><td>1<\/td><td>2<\/td><td>3<\/td><td>4<\/td><td>5<\/td>\n\t<\/tr>\n\t<tr>\n\t\t<td>6<\/td><td>7<\/td><td>8<\/td><td>9<\/td><td>10<\/td><td>11<\/td><td>12<\/td>\n\t<\/tr>\n\t<tr>\n\t\t<td>13<\/td><td>14<\/td><td>15<\/td><td>16<\/td><td>17<\/td><td id=\"today\">18<\/td><td>19<\/td>\n\t<\/tr>\n\t<tr>\n\t\t<td>20<\/td><td>21<\/td><td>22<\/td><td>23<\/td><td>24<\/td><td>25<\/td><td>26<\/td>\n\t<\/tr>\n\t<tr>\n\t\t<td>27<\/td><td>28<\/td><td>29<\/td><td>30<\/td>\n\t\t<td class=\"pad\" colspan=\"3\">&nbsp;<\/td>\n\t<\/tr>\n\t<\/tbody>\n\t<\/table><nav aria-label=\"Ge\u00e7mi\u015f ve gelecek aylar\" class=\"wp-calendar-nav\">\n\t\t<span class=\"wp-calendar-nav-prev\"><a href=\"https:\/\/miysad.org\/?m=201605\">&laquo; May<\/a><\/span>\n\t\t<span class=\"pad\">&nbsp;<\/span>\n\t\t<span class=\"wp-calendar-nav-next\">&nbsp;<\/span>\n\t<\/nav><\/div><\/div>\n<\/div>\n\n\n\n<div class=\"wp-block-columns is-layout-flex wp-container-core-columns-is-layout-9d6595d7 wp-block-columns-is-layout-flex\">\n<div class=\"wp-block-column is-layout-flow wp-block-column-is-layout-flow\">\n<figure class=\"wp-block-gallery has-nested-images columns-default is-cropped wp-block-gallery-1 is-layout-flex wp-block-gallery-is-layout-flex\">\n<figure class=\"wp-block-image size-large\"><img loading=\"lazy\" decoding=\"async\" width=\"1024\" height=\"768\" data-id=\"332\" src=\"https:\/\/miysad.org\/wp-content\/uploads\/2025\/08\/bozyazi-2-4-1024x768.jpg\" alt=\"\" class=\"wp-image-332\" srcset=\"https:\/\/miysad.org\/wp-content\/uploads\/2025\/08\/bozyazi-2-4-1024x768.jpg 1024w, https:\/\/miysad.org\/wp-content\/uploads\/2025\/08\/bozyazi-2-4-300x225.jpg 300w, https:\/\/miysad.org\/wp-content\/uploads\/2025\/08\/bozyazi-2-4-768x576.jpg 768w, https:\/\/miysad.org\/wp-content\/uploads\/2025\/08\/bozyazi-2-4.jpg 1200w\" sizes=\"auto, (max-width: 1024px) 100vw, 1024px\" \/><figcaption class=\"wp-element-caption\">DFGDFGDF<\/figcaption><\/figure>\n\n\n\n<figure class=\"wp-block-image size-large\"><img loading=\"lazy\" decoding=\"async\" width=\"1024\" height=\"768\" data-id=\"330\" src=\"https:\/\/miysad.org\/wp-content\/uploads\/2025\/08\/photo0jpg-4-1024x768.jpg\" alt=\"\" class=\"wp-image-330\" srcset=\"https:\/\/miysad.org\/wp-content\/uploads\/2025\/08\/photo0jpg-4-1024x768.jpg 1024w, https:\/\/miysad.org\/wp-content\/uploads\/2025\/08\/photo0jpg-4-300x225.jpg 300w, https:\/\/miysad.org\/wp-content\/uploads\/2025\/08\/photo0jpg-4-768x576.jpg 768w, https:\/\/miysad.org\/wp-content\/uploads\/2025\/08\/photo0jpg-4.jpg 1200w\" sizes=\"auto, (max-width: 1024px) 100vw, 1024px\" \/><figcaption class=\"wp-element-caption\">GDFDGDFG<\/figcaption><\/figure>\n\n\n\n<figure class=\"wp-block-image size-large\"><img loading=\"lazy\" decoding=\"async\" width=\"1024\" height=\"767\" data-id=\"329\" src=\"https:\/\/miysad.org\/wp-content\/uploads\/2025\/08\/marvel-tree-hotel-bozyazi-2.jpg\" alt=\"\" class=\"wp-image-329\" srcset=\"https:\/\/miysad.org\/wp-content\/uploads\/2025\/08\/marvel-tree-hotel-bozyazi-2.jpg 1024w, https:\/\/miysad.org\/wp-content\/uploads\/2025\/08\/marvel-tree-hotel-bozyazi-2-300x225.jpg 300w, https:\/\/miysad.org\/wp-content\/uploads\/2025\/08\/marvel-tree-hotel-bozyazi-2-768x575.jpg 768w\" sizes=\"auto, (max-width: 1024px) 100vw, 1024px\" \/><figcaption class=\"wp-element-caption\">FDGDFGDF<\/figcaption><\/figure>\n<\/figure>\n<\/div>\n\n\n\n<div class=\"wp-block-column is-layout-flow wp-block-column-is-layout-flow\">\n<figure class=\"wp-block-gallery has-nested-images columns-default is-cropped wp-block-gallery-2 is-layout-flex wp-block-gallery-is-layout-flex\">\n<figure class=\"wp-block-image size-large\"><img loading=\"lazy\" decoding=\"async\" width=\"1024\" height=\"768\" data-id=\"334\" src=\"https:\/\/miysad.org\/wp-content\/uploads\/2025\/08\/bozyazi-2-5-1024x768.jpg\" alt=\"\" class=\"wp-image-334\" srcset=\"https:\/\/miysad.org\/wp-content\/uploads\/2025\/08\/bozyazi-2-5-1024x768.jpg 1024w, https:\/\/miysad.org\/wp-content\/uploads\/2025\/08\/bozyazi-2-5-300x225.jpg 300w, https:\/\/miysad.org\/wp-content\/uploads\/2025\/08\/bozyazi-2-5-768x576.jpg 768w, https:\/\/miysad.org\/wp-content\/uploads\/2025\/08\/bozyazi-2-5.jpg 1200w\" sizes=\"auto, (max-width: 1024px) 100vw, 1024px\" \/><figcaption class=\"wp-element-caption\">DFGFDGDF<\/figcaption><\/figure>\n\n\n\n<figure class=\"wp-block-image size-large\"><img loading=\"lazy\" decoding=\"async\" width=\"1024\" height=\"768\" data-id=\"336\" src=\"https:\/\/miysad.org\/wp-content\/uploads\/2025\/08\/photo0jpg-5-1024x768.jpg\" alt=\"\" class=\"wp-image-336\" srcset=\"https:\/\/miysad.org\/wp-content\/uploads\/2025\/08\/photo0jpg-5-1024x768.jpg 1024w, https:\/\/miysad.org\/wp-content\/uploads\/2025\/08\/photo0jpg-5-300x225.jpg 300w, https:\/\/miysad.org\/wp-content\/uploads\/2025\/08\/photo0jpg-5-768x576.jpg 768w, https:\/\/miysad.org\/wp-content\/uploads\/2025\/08\/photo0jpg-5.jpg 1200w\" sizes=\"auto, (max-width: 1024px) 100vw, 1024px\" \/><figcaption class=\"wp-element-caption\">DFGDFGGG<\/figcaption><\/figure>\n\n\n\n<figure class=\"wp-block-image size-large\"><img loading=\"lazy\" decoding=\"async\" width=\"1024\" height=\"767\" data-id=\"335\" src=\"https:\/\/miysad.org\/wp-content\/uploads\/2025\/08\/marvel-tree-hotel-bozyazi-3.jpg\" alt=\"\" class=\"wp-image-335\" srcset=\"https:\/\/miysad.org\/wp-content\/uploads\/2025\/08\/marvel-tree-hotel-bozyazi-3.jpg 1024w, https:\/\/miysad.org\/wp-content\/uploads\/2025\/08\/marvel-tree-hotel-bozyazi-3-300x225.jpg 300w, https:\/\/miysad.org\/wp-content\/uploads\/2025\/08\/marvel-tree-hotel-bozyazi-3-768x575.jpg 768w\" sizes=\"auto, (max-width: 1024px) 100vw, 1024px\" \/><figcaption class=\"wp-element-caption\">FDGDFGDG<\/figcaption><\/figure>\n<\/figure>\n<\/div>\n<\/div>\n\n\n\n<p><\/p>\n","protected":false},"excerpt":{"rendered":"<p>DFSDFSDFSSSSSSDFSDFSDFSDFSDFSDFDSFSDFSDFSDFDDDFSDFSDFSSSSSSDFSDFSDFSDFSDFSDFDSFSDFSDFSDFDDDFSDFSDFSSSSSSDFSDFSDFSDFSDFSDFDSFSDFSDFSDFDDDFSDFSDFSSSSSSDFSDFSDFSDFSDFSDFDSFSDFSDFSDFDDDFSDFSDFSSSSSSDFSDFSDFSDFSDFSDFDSFSDFSDFSDFDDDFSDFSDFSSSSSSDFSDFSDFSDFSDFSDFDSFSDFSDFSDFDDDFSDFSDFSSSSSSDFSDFSDFSDFSDFSDFDSFSDFSDFSDFDDDFSDFSDFSSSSSSDFSDFSDFSDFSDFSDFDSFSDFSDFSDFDDDFSDFSDFSSSSSSDFSDFSDFSDFSDFSDFDSFSDFSDFSDFDDDFSDFSDFSSSSSSDFSDFSDFSDFSDFSDFDSFSDFSDFSDFDDDFSDFSDFSSSSSSDFSDFSDFSDFSDFSDFDSFSDFSDFSDFDD Akdeniz \u0130l\u00e7esi \u0130l\u00e7emizin y\u00fcz\u00f6l\u00e7\u00fcm\u00fcn\u00fcn 30 bin hektar olup \u00f6nemli bir k\u0131sm\u0131 d\u00fcz arazi \u00fczerine kurulmu\u015ftur. \u0130l\u00e7emize ba\u011fl\u0131 k\u00f6ylerimizde yer yer engebeli arazi yap\u0131s\u0131 mevcuttur. \u0130l\u00e7emiz do\u011fuda Tarsus il\u00e7esi, bat\u0131da Yeni\u015fehir il\u00e7esi, Kuzeyde Toroslar il\u00e7esi, g\u00fcneyde Akdeniz ile \u00e7evrilidir. \u0130l\u00e7emizin n\u00fcfusu resmi kay\u0131tlara g\u00f6re 260.879\u2019tur. Ancak; kent merkezi konumunda olmas\u0131 sebebiyle g\u00fcnd\u00fcz n\u00fcfusu 600.000\u2019i ge\u00e7mektedir. [&hellip;]<\/p>\n","protected":false},"author":1,"featured_media":0,"parent":0,"menu_order":0,"comment_status":"closed","ping_status":"closed","template":"","meta":{"footnotes":""},"class_list":["post-37","page","type-page","status-publish","hentry"],"_links":{"self":[{"href":"https:\/\/miysad.org\/index.php?rest_route=\/wp\/v2\/pages\/37","targetHints":{"allow":["GET"]}}],"collection":[{"href":"https:\/\/miysad.org\/index.php?rest_route=\/wp\/v2\/pages"}],"about":[{"href":"https:\/\/miysad.org\/index.php?rest_route=\/wp\/v2\/types\/page"}],"author":[{"embeddable":true,"href":"https:\/\/miysad.org\/index.php?rest_route=\/wp\/v2\/users\/1"}],"replies":[{"embeddable":true,"href":"https:\/\/miysad.org\/index.php?rest_route=%2Fwp%2Fv2%2Fcomments&post=37"}],"version-history":[{"count":20,"href":"https:\/\/miysad.org\/index.php?rest_route=\/wp\/v2\/pages\/37\/revisions"}],"predecessor-version":[{"id":340,"href":"https:\/\/miysad.org\/index.php?rest_route=\/wp\/v2\/pages\/37\/revisions\/340"}],"wp:attachment":[{"href":"https:\/\/miysad.org\/index.php?rest_route=%2Fwp%2Fv2%2Fmedia&parent=37"}],"curies":[{"name":"wp","href":"https:\/\/api.w.org\/{rel}","templated":true}]}}