{"id":184,"date":"2025-08-16T18:59:14","date_gmt":"2025-08-16T18:59:14","guid":{"rendered":"http:\/\/miysad.org\/?page_id=184"},"modified":"2025-08-20T18:09:25","modified_gmt":"2025-08-20T18:09:25","slug":"bozyazi","status":"publish","type":"page","link":"https:\/\/miysad.org\/?page_id=184","title":{"rendered":"Bozyaz\u0131"},"content":{"rendered":"\n<h3 class=\"wp-block-heading\">BOZYAZI<\/h3>\n\n\n\n<div class=\"wp-block-columns is-layout-flex wp-container-core-columns-is-layout-9d6595d7 wp-block-columns-is-layout-flex\">\n<div class=\"wp-block-column is-layout-flow wp-block-column-is-layout-flow\" style=\"flex-basis:66.66%\">\n<p><strong>\u0130L\u00c7EN\u0130N TAR\u0130H\u0130<\/strong><br>Bozyaz\u0131&#8217;n\u0131n \u00e7ekirde\u011fini olu\u015fturan Pa\u015fabeyleni Tepesi M.\u00d6. 5 ve 4. Y\u00fczy\u0131llar Rodas veya Sisan Kolonisi olarak kurulmu\u015ftur. Kurucusu Nagis&#8217;e atfen kentin ilk ad\u0131 Nagidos&#8217;tur. Her d\u00f6nemde ticaret merkezi olmu\u015ftur. M\u0131s\u0131r, Bizans, Sel\u00e7uk d\u00f6nemlerine ait eserler vard\u0131r. K\u00fc\u00e7\u00fck liman\u0131 ticari ama\u00e7la kullan\u0131lm\u0131\u015f antik bir \u015fehirdir. Yer yer sur kal\u0131nt\u0131lar\u0131na sahip kentin hemen g\u00fcneyinde daha ge\u00e7 d\u00f6nemlere ait yap\u0131 kal\u0131nt\u0131lar\u0131 bulunan Tagiduda Adas\u0131 vard\u0131r. Tepenin bat\u0131s\u0131ndaki d\u00fczl\u00fckte deniz k\u0131y\u0131s\u0131nda \u015fehir mezarl\u0131\u011f\u0131 yer almaktad\u0131r. Pi\u015fmi\u015f toprak, lahit buluntular\u0131 kurtarma \u00e7al\u0131\u015fmalar\u0131 s\u0131ras\u0131nda ele ge\u00e7mi\u015ftir.<br><br><strong>NAG\u0130DOS<\/strong><br>Kelenderis gibi b\u00f6lgenin en eski kentlerinden biri olan Nagidos&#8217;un kal\u0131nt\u0131lar\u0131 Bozyaz\u0131 \u0130l\u00e7esinde, k\u0131y\u0131ya yak\u0131n bir tepe \u00fczerindedir.Hakk\u0131nda \u00e7ok az bilgiye sahip olunan kentten g\u00fcn\u00fcm\u00fcze ula\u015fan kal\u0131nt\u0131lar, bu tepenin zirvesine yak\u0131n yerdeki surlardan ibarettir. Ayr\u0131ca Bozyaz\u0131 \u00c7ay\u0131 \u00fczerindeki k\u00f6pr\u00fcn\u00fcn ilk bi\u00e7iminin Roma \u00e7a\u011f\u0131nda yap\u0131lm\u0131\u015f oldu\u011fu anla\u015f\u0131lmaktad\u0131r. Ayr\u0131ca bir su yolu kal\u0131nt\u0131s\u0131 ile bir hamam\u0131n temelleri yine Ge\u00e7 Roma, Bizans \u00e7a\u011f\u0131 kal\u0131nt\u0131lar\u0131 aras\u0131nda say\u0131labilir.<br>Nagidos&#8217;un M.\u00d6. V.ve IV. Y\u00fczy\u0131llarda Pers egemenli\u011fi alt\u0131nda oldu\u011fu, bu d\u00f6nemde bas\u0131lan satrapl\u0131k sikkelerinden anla\u015f\u0131lmaktad\u0131r. Hellenistik \u00c7a\u011f&#8217;da, M\u0131s\u0131r&#8217;daki Ptolemioslar&#8217;\u0131n etkisi alt\u0131na girmi\u015f ise de, ard\u0131ndan gelen korsan bask\u0131lar\u0131 kentin zay\u0131flamas\u0131na yol a\u00e7m\u0131\u015ft\u0131r. Orta \u00c7a\u011fda ise, \u00f6nemsiz ve yerle\u015fmenin sadece k\u0131y\u0131ya \u00e7ok yak\u0131n Bozyaz\u0131 Adas\u0131 (Nagidussa) \u00fczerinde yo\u011funla\u015ft\u0131rd\u0131\u011f\u0131 anla\u015f\u0131lmaktad\u0131r.<br><br><strong>K\u0130L\u0130SE BURNU<\/strong><br>Bozyaz\u0131&#8217;ya 14 km. uzakl\u0131kta Akkaya k\u00f6y\u00fc s\u0131n\u0131rlar\u0131 i\u00e7erisinde, halk aras\u0131nda Kilise Burnu olarak bilinen, ge\u00e7 Roma ve erken Bizans d\u00f6nemine ait bir \u00f6ren yeridir. Burada sur, sarn\u0131\u00e7, bir kilise ve di\u011fer yap\u0131lara ait kal\u0131nt\u0131lar bulunmaktad\u0131r.<br>Surun d\u0131\u015f\u0131nda kuzeybat\u0131 y\u00f6n\u00fcnde ikisi yan yana , biri arkada olmak \u00fczere \u00fc\u00e7 adet 1. ve 2. Y\u00fczy\u0131l&#8217;a ait Memurium mezarlar\u0131na benzer yap\u0131da mezarlar vard\u0131r.<br><br><strong>MARA\u015e TEPES\u0130 (ARS\u0130ONE)<\/strong><br>Bozyaz\u0131&#8217;n\u0131n 2 km. do\u011fusunda Mara\u015f Tepesi \u00fczerinde kurulu olan bu kent, M\u0131s\u0131r Kral\u0131 Ptolemaios&#8217;un e\u015fi Krali\u00e7e Arsione ad\u0131n\u0131 ta\u015f\u0131yan antik bir liman kentidir. M.\u00d6. 3.y\u00fczy\u0131lda kuruldu\u011fu san\u0131lan kentin g\u00f6r\u00fclebilen en \u00f6nemli kal\u0131nt\u0131lar\u0131 iki katl\u0131 mozaik d\u00f6\u015feli mezarlar ile \u00f6teki yap\u0131 kal\u0131nt\u0131lar\u0131d\u0131r.<br><br><strong>SOFTA KALES\u0130<\/strong><br>\u0130l\u00e7enin 10 km. do\u011fusunda Mersin yolu \u00fczerinde &#8220;Fidik&#8221; denilen tepe \u00fczerinde kurulmu\u015ftur. Eski \u00e7a\u011flardan beri korsanlar ve Romal\u0131lar taraf\u0131ndan kullan\u0131lan kale, bur\u00e7lu g\u00f6r\u00fcn\u00fcm\u00fcn\u00fc orta \u00e7a\u011fda alm\u0131\u015f olup, Bizans d\u00f6neminde onar\u0131m g\u00f6rm\u00fc\u015f ve sonra T\u00fcrkler taraf\u0131ndan kullan\u0131lm\u0131\u015ft\u0131r. Surlar\u0131n i\u00e7inde birka\u00e7 su sarn\u0131c\u0131 ile orta \u00e7a\u011fa ait hamam kal\u0131nt\u0131lar\u0131 bulunmaktad\u0131r.<br><br>&nbsp;<\/p>\n\n\n\n<p><strong>\u00c7ALTI MA\u011eARASI<\/strong><br>Bozyaz\u0131 il\u00e7esi Lenger K\u00f6y\u00fcndedir. Lenger K\u00f6y\u00fc 3 ayr\u0131 mahalleden olu\u015fup, Bozyaz\u0131 il\u00e7esine 40 km uzakl\u0131ktad\u0131r. \u00c7evresi da\u011flarla \u00e7evrili yemye\u015fil ormanl\u0131k alan i\u00e7erisinde bulunan \u00c7alt\u0131 Ma\u011faras\u0131 1200 mt. rak\u0131ml\u0131d\u0131r. Uzunlu\u011fu ve geni\u015fli\u011fi \u00e7ok b\u00fcy\u00fckt\u00fcr. \u00c7ok derin olan ve uzunlu\u011funun tespit edilmesi g\u00fc\u00e7 olan ma\u011faran\u0131n yanlar\u0131nda, tavan\u0131nda dikitler, sark\u0131tlar ve \u00e7ok y\u00f6nl\u00fc resimler mevcut olup, i\u00e7erisinde insan\u0131 dinlendiren ho\u015f bir hava vard\u0131r.<\/p>\n<\/div>\n\n\n\n<div class=\"wp-block-column is-layout-flow wp-block-column-is-layout-flow\" style=\"flex-basis:33.33%\">\n<div class=\"wp-block-buttons is-layout-flex wp-block-buttons-is-layout-flex\">\n<div class=\"wp-block-button\"><a class=\"wp-block-button__link wp-element-button\" href=\"https:\/\/miysad.org\/\">Anasayfa<\/a><\/div>\n<\/div>\n<\/div>\n<\/div>\n","protected":false},"excerpt":{"rendered":"<p>BOZYAZI \u0130L\u00c7EN\u0130N TAR\u0130H\u0130Bozyaz\u0131&#8217;n\u0131n \u00e7ekirde\u011fini olu\u015fturan Pa\u015fabeyleni Tepesi M.\u00d6. 5 ve 4. Y\u00fczy\u0131llar Rodas veya Sisan Kolonisi olarak kurulmu\u015ftur. Kurucusu Nagis&#8217;e atfen kentin ilk ad\u0131 Nagidos&#8217;tur. Her d\u00f6nemde ticaret merkezi olmu\u015ftur. M\u0131s\u0131r, Bizans, Sel\u00e7uk d\u00f6nemlerine ait eserler vard\u0131r. K\u00fc\u00e7\u00fck liman\u0131 ticari ama\u00e7la kullan\u0131lm\u0131\u015f antik bir \u015fehirdir. Yer yer sur kal\u0131nt\u0131lar\u0131na sahip kentin hemen g\u00fcneyinde daha ge\u00e7 [&hellip;]<\/p>\n","protected":false},"author":1,"featured_media":0,"parent":0,"menu_order":0,"comment_status":"closed","ping_status":"closed","template":"","meta":{"footnotes":""},"class_list":["post-184","page","type-page","status-publish","hentry"],"_links":{"self":[{"href":"https:\/\/miysad.org\/index.php?rest_route=\/wp\/v2\/pages\/184","targetHints":{"allow":["GET"]}}],"collection":[{"href":"https:\/\/miysad.org\/index.php?rest_route=\/wp\/v2\/pages"}],"about":[{"href":"https:\/\/miysad.org\/index.php?rest_route=\/wp\/v2\/types\/page"}],"author":[{"embeddable":true,"href":"https:\/\/miysad.org\/index.php?rest_route=\/wp\/v2\/users\/1"}],"replies":[{"embeddable":true,"href":"https:\/\/miysad.org\/index.php?rest_route=%2Fwp%2Fv2%2Fcomments&post=184"}],"version-history":[{"count":5,"href":"https:\/\/miysad.org\/index.php?rest_route=\/wp\/v2\/pages\/184\/revisions"}],"predecessor-version":[{"id":469,"href":"https:\/\/miysad.org\/index.php?rest_route=\/wp\/v2\/pages\/184\/revisions\/469"}],"wp:attachment":[{"href":"https:\/\/miysad.org\/index.php?rest_route=%2Fwp%2Fv2%2Fmedia&parent=184"}],"curies":[{"name":"wp","href":"https:\/\/api.w.org\/{rel}","templated":true}]}}