{"id":174,"date":"2025-08-16T18:57:58","date_gmt":"2025-08-16T18:57:58","guid":{"rendered":"http:\/\/miysad.org\/?page_id=174"},"modified":"2025-08-20T18:05:28","modified_gmt":"2025-08-20T18:05:28","slug":"aydincik","status":"publish","type":"page","link":"https:\/\/miysad.org\/?page_id=174","title":{"rendered":"Ayd\u0131nc\u0131k"},"content":{"rendered":"\n<div class=\"wp-block-columns is-layout-flex wp-container-core-columns-is-layout-9d6595d7 wp-block-columns-is-layout-flex\">\n<div class=\"wp-block-column is-layout-flow wp-block-column-is-layout-flow\" style=\"flex-basis:66.66%\">\n<p><strong>AYDINCIK<\/strong><\/p>\n\n\n\n<p><strong>TAR\u0130H\u0130<\/strong><br><br>Antik \u00e7a\u011fda Celenderis-Kelenderis- Gilindire olarak bilinen kent K\u0131br\u0131s&#8217;a en yak\u0131n b\u00f6lgede bulunmas\u0131 nedeniyle eski \u00e7a\u011flarda \u00f6nemli bir tarihi liman kenti olarak geli\u015fmi\u015ftir. Fenikeliler zaman\u0131nda kuruldu\u011fu d\u00fc\u015f\u00fcn\u00fclen Kelenderis s\u0131ras\u0131yla, Persler, Selefkoslar, Romal\u0131lar, Bizansl\u0131lar, Araplar, Sel\u00e7uklular, Karamano\u011fullar\u0131 ve Osmanl\u0131 \u0130mparatorlu\u011fu d\u00f6nemlerini ya\u015fam\u0131\u015ft\u0131r.<br>Sel\u00e7uk \u00dcniversitesi taraf\u0131ndan \u0130l\u00e7ede ger\u00e7ekle\u015ftirilen kaz\u0131larda \u0130l\u00e7enin tarihinin Hititler d\u00f6nemine kadar uzand\u0131\u011f\u0131n\u0131 g\u00f6stermi\u015ftir. \u0130l\u00e7e merkez ve \u00e7evresinde eski d\u00f6nemlere ait \u00e7e\u015fitli tarihi kal\u0131nt\u0131lar vard\u0131r. Yap\u0131lan \u00e7al\u0131\u015fmalarda ve arkeolojik kaz\u0131larda Selefkoslar d\u00f6neminde seramikler, Roma d\u00f6neminden tiyatro, an\u0131t mezar, Bizansl\u0131lar d\u00f6neminden kap, kacaklar-stater bulunmu\u015ftur.<br>1915 y\u0131l\u0131na kadar bug\u00fcnk\u00fc anlamda \u0130l\u00e7e te\u015fkilat\u0131na sahip bir yerle\u015fim birimi olan Ayd\u0131nc\u0131k, 1915 y\u0131l\u0131nda G\u00fclnar&#8217;a ba\u011fl\u0131 Bucak Merkezi olmu\u015f.,1987 y\u0131l\u0131nda da, G\u00fclnar&#8217;dan ayr\u0131larak m\u00fcstakil \u0130l\u00e7e olmu\u015ftur.<\/p>\n\n\n\n<p><strong>CO\u011eRAF\u0130 DURUMU<br><\/strong><br>Orta Toroslar&#8217;\u0131n Akdeniz&#8217;e inen kollar\u0131 \u00fczerinde yerle\u015fmi\u015f olan Ayd\u0131nc\u0131k \u0130l\u00e7esi da\u011f ve deniz aras\u0131na s\u0131k\u0131\u015fm\u0131\u015f olmas\u0131 nedeniyle arazi yap\u0131s\u0131 son derece engebeli ve da\u011fl\u0131kt\u0131r. Toros da\u011flar\u0131n\u0131n bat\u0131ya uzant\u0131lar\u0131 olan tepeler, \u0130l\u00e7enin k\u0131y\u0131 kesiminden en y\u00fcksek noktalara ula\u015f\u0131r.<br>S\u00f6\u011f\u00fct, Ak\u00e7am, Dutlu ve Bozda\u011f \u0130l\u00e7enin \u00f6nemli da\u011flar\u0131d\u0131r.<br>\u0130l\u00e7e merkezinde tar\u0131ma elveri\u015fli olan, k\u0131y\u0131dan ba\u015flay\u0131p kuzeye do\u011fru devam eden 3-5 km.lik alan i\u00e7erisindedir. \u0130l\u00e7ede \u00e7e\u015fitli yaylalar ve dereler bulunmaktad\u0131r. Menek\u015fe, K\u0131z\u0131lyoku\u015f, G\u00f6zs\u00fczce ve So\u011fuksu \u00f6nemli akarsular\u0131d\u0131r. Ayd\u0131nc\u0131k&#8217;\u0131n iklimi Akdeniz iklimidir.<\/p>\n\n\n\n<p><strong>TAR\u0130H\u0130, K\u00dcLT\u00dcREL DE\u011eERLER\u0130<br><\/strong><br>Kelenderis, y\u00fczy\u0131llar boyunca ve kesintisiz bi\u00e7imde iskan edilen kentlerden biri olmas\u0131 nedeniyle, Antik \u00c7a\u011flardan g\u00fcn\u00fcm\u00fcze kadar ula\u015fan kal\u0131nt\u0131lar\u0131 \u00e7ok azd\u0131r.<\/p>\n\n\n\n<p><strong>L\u0130MAN KALES\u0130<br><\/strong><br>Kentin g\u00fcneyindeki yar\u0131maday\u0131 \u00e7evreleyen surlar ve kaleye ait kal\u0131nt\u0131lar, g\u00fcn\u00fcm\u00fczde de g\u00f6r\u00fclebilmektedir. Tarihi kaynaklarda g\u00fc\u00e7l\u00fc bir kale olarak s\u00f6zedilen Liman Kalesi, Antik \u00c7a\u011flar&#8217;da ve \u00f6zellikle orta\u00e7a\u011f ve sonras\u0131nda, kente y\u00f6nelik yo\u011fun sald\u0131r\u0131lara, g\u00fc\u00e7l\u00fc savunma sistemiyle direnmi\u015ftir.<br>19.ncu y.y. dan itibaren gezenlerin u\u011frak yeri olmaktan \u00e7\u0131kan liman i\u015flevini yitirmesi ile terk edilen kale, kent yap\u0131la\u015fmas\u0131nda ta\u015foca\u011f\u0131 gibi kullan\u0131lm\u0131\u015f ve g\u00fcn\u00fcm\u00fcze ula\u015fan baz\u0131 duvar kal\u0131nt\u0131lar\u0131 d\u0131\u015f\u0131nda yok olmu\u015ftur.<\/p>\n\n\n\n<p><strong>L\u0130MAN HAMAMI<br><\/strong><br>Liman giri\u015finde bulunan, kentin k\u0131smen ayakta kalabilen antik yap\u0131lar\u0131ndan biridir. \u00d6n ana mekan\u0131 g\u00fcn\u00fcm\u00fcze kadar ula\u015fm\u0131\u015f bulunan ve b\u00fcy\u00fck bir kompleks oldu\u011fu anla\u015f\u0131lan hamam\u0131n b\u00fct\u00fcn\u00fcne ait g\u00f6rsel bilgi kayna\u011f\u0131, M.S 5. y.y. da yap\u0131lm\u0131\u015f olan bir liman mozai\u011fidir.<\/p>\n\n\n\n<p><strong>T\u0130YATRO<br><\/strong><br>G\u00fcn\u00fcm\u00fczde toprakla kapl\u0131 olan tiyatronun varl\u0131\u011f\u0131 yap\u0131n\u0131n moloz ta\u015flarla \u00f6r\u00fclen s\u0131rt duvar\u0131n\u0131n olu\u015fturdu\u011fu yar\u0131m daire bi\u00e7imindeki kavisten anla\u015f\u0131lmaktad\u0131r.<\/p>\n\n\n\n<p><strong>ANIT MEZAR (D\u00d6RT AYAK)<br><\/strong><br>Kent merkezinde, b\u00fcy\u00fck kesme kire\u00e7 ta\u015flar\u0131yla yap\u0131lm\u0131\u015f ve halk aras\u0131nda &#8220;D\u00f6rt Ayak&#8221; olarak bilinen an\u0131t mezar, \u0130l\u00e7enin en ilgi \u00e7eken antik yap\u0131s\u0131d\u0131r. Kare planl\u0131 ayak \u00fczerine baldahinli olarak olu\u015fturulmu\u015f piramidal \u00e7at\u0131l\u0131 an\u0131t mezar M.S. ge\u00e7 2 veya 3 y.y.ba\u015flar\u0131na tarihlenmektedir.<br>Piramidal mimari yap\u0131s\u0131yla, mausoleum mezar gelene\u011finin devam etti\u011fini g\u00f6stermekte olup, olduk\u00e7a iyi korunmu\u015f durumdad\u0131r.<br>Kentin yak\u0131n \u00e7evresinde g\u00f6r\u00fclebilen di\u011fer yap\u0131lar, Ayd\u0131nc\u0131k-G\u00fclnar yolu \u00fczerinde 15.km.de orman i\u00e7indeki kaynaktan kente su getiren kemerler ve kanallar g\u00fcn\u00fcm\u00fcze kadar ula\u015fan alt yap\u0131lard\u0131r. Kent yak\u0131n\u0131ndaki Duruhan ve Bodur kaleleri harap durumdad\u0131r.<\/p>\n\n\n\n<p><strong>BULUNTULAR<br><\/strong><br>Bilimsel kaz\u0131 ve ara\u015ft\u0131rmalar\u0131n ba\u015flat\u0131lmas\u0131ndan \u00f6nceki 1960.l\u0131 ve 1970.li y\u0131llarda, \u00f6zellikle antik kent mezarl\u0131\u011f\u0131nda yap\u0131lan ka\u00e7ak kaz\u0131larla veya rastlant\u0131 olarak elde edilmi\u015f \u00e7ok say\u0131da eser bulunmaktad\u0131r. Yurtd\u0131\u015f\u0131na g\u00f6t\u00fcr\u00fclen, say\u0131s\u0131 ve nerede oldu\u011fu belirlenemeyenlerin d\u0131\u015f\u0131ndakiler, Adana, Mersin, Silifke, Anamur M\u00fczelerinde bulunmaktad\u0131r. Bunlar\u0131n b\u00fcy\u00fck bir b\u00f6l\u00fcm\u00fc pi\u015firilmi\u015f kil vazolar ile k\u00fc\u00e7\u00fck boyutlu, ta\u015f, alt\u0131n, g\u00fcm\u00fc\u015f , cam e\u015fyalar ve sikkelerdir. M.\u00d6.3.y.y.da darbedilen II.Ptolemaios&#8217;a ait alt\u0131n sikkeler ile M.\u00d6. 6. Ve 5.y.y.a ait drahmiler Kelenderis&#8217;e ait \u00f6nemli n\u00fcmizmatik buluntulard\u0131r.<br>Arkeolog Zoro\u011fluna g\u00f6re, Do\u011fu Akdeniz B\u00f6lgesinde ele ge\u00e7en ilk eserler olmas\u0131 bak\u0131m\u0131ndan Attik at\u00f6lyelerinden gelmi\u015f &#8220;Leythos&#8221; denilen seramik vazolar,Kelenderis&#8221;in en ilgin\u00e7 buluntular\u0131n\u0131 olu\u015ftururlar. Bunlar, beyaz zeminli &#8221; siyah fig\u00fcrl\u00fc &#8220;Haimon&#8221; grubu.Fig\u00fcrs\u00fcz siyah g\u00f6vdeliler &#8221; grubu, &#8220;Bezekli Lekythoslar&#8221; gibi gruplara ayr\u0131l\u0131r.<\/p>\n\n\n\n<p><strong><em>KAYNAK:MERS\u0130N \u0130L K\u00dcLT\u00dcR VE TUR\u0130ZM M\u00dcD\u00dcRL\u00dc\u011e\u00dc<\/em><\/strong><\/p>\n\n\n\n<p><\/p>\n<\/div>\n\n\n\n<div class=\"wp-block-column is-layout-flow wp-block-column-is-layout-flow\" style=\"flex-basis:33.33%\">\n<div class=\"wp-block-buttons is-layout-flex wp-block-buttons-is-layout-flex\">\n<div class=\"wp-block-button\"><a class=\"wp-block-button__link wp-element-button\" href=\"https:\/\/miysad.org\/\">Anasayfa<\/a><\/div>\n<\/div>\n<\/div>\n<\/div>\n","protected":false},"excerpt":{"rendered":"<p>AYDINCIK TAR\u0130H\u0130 Antik \u00e7a\u011fda Celenderis-Kelenderis- Gilindire olarak bilinen kent K\u0131br\u0131s&#8217;a en yak\u0131n b\u00f6lgede bulunmas\u0131 nedeniyle eski \u00e7a\u011flarda \u00f6nemli bir tarihi liman kenti olarak geli\u015fmi\u015ftir. Fenikeliler zaman\u0131nda kuruldu\u011fu d\u00fc\u015f\u00fcn\u00fclen Kelenderis s\u0131ras\u0131yla, Persler, Selefkoslar, Romal\u0131lar, Bizansl\u0131lar, Araplar, Sel\u00e7uklular, Karamano\u011fullar\u0131 ve Osmanl\u0131 \u0130mparatorlu\u011fu d\u00f6nemlerini ya\u015fam\u0131\u015ft\u0131r.Sel\u00e7uk \u00dcniversitesi taraf\u0131ndan \u0130l\u00e7ede ger\u00e7ekle\u015ftirilen kaz\u0131larda \u0130l\u00e7enin tarihinin Hititler d\u00f6nemine kadar uzand\u0131\u011f\u0131n\u0131 g\u00f6stermi\u015ftir. \u0130l\u00e7e [&hellip;]<\/p>\n","protected":false},"author":1,"featured_media":0,"parent":0,"menu_order":0,"comment_status":"closed","ping_status":"closed","template":"","meta":{"footnotes":""},"class_list":["post-174","page","type-page","status-publish","hentry"],"_links":{"self":[{"href":"https:\/\/miysad.org\/index.php?rest_route=\/wp\/v2\/pages\/174","targetHints":{"allow":["GET"]}}],"collection":[{"href":"https:\/\/miysad.org\/index.php?rest_route=\/wp\/v2\/pages"}],"about":[{"href":"https:\/\/miysad.org\/index.php?rest_route=\/wp\/v2\/types\/page"}],"author":[{"embeddable":true,"href":"https:\/\/miysad.org\/index.php?rest_route=\/wp\/v2\/users\/1"}],"replies":[{"embeddable":true,"href":"https:\/\/miysad.org\/index.php?rest_route=%2Fwp%2Fv2%2Fcomments&post=174"}],"version-history":[{"count":4,"href":"https:\/\/miysad.org\/index.php?rest_route=\/wp\/v2\/pages\/174\/revisions"}],"predecessor-version":[{"id":466,"href":"https:\/\/miysad.org\/index.php?rest_route=\/wp\/v2\/pages\/174\/revisions\/466"}],"wp:attachment":[{"href":"https:\/\/miysad.org\/index.php?rest_route=%2Fwp%2Fv2%2Fmedia&parent=174"}],"curies":[{"name":"wp","href":"https:\/\/api.w.org\/{rel}","templated":true}]}}